{"id":33,"date":"2020-12-28T12:23:26","date_gmt":"2020-12-28T12:23:26","guid":{"rendered":"https:\/\/luciengacond.ch\/?page_id=33"},"modified":"2021-01-02T13:43:03","modified_gmt":"2021-01-02T13:43:03","slug":"about-me","status":"publish","type":"page","link":"https:\/\/luciengacond.ch\/?page_id=33","title":{"rendered":"\u00dcber mich"},"content":{"rendered":"<p>[vc_row equal_height=&#8221;yes&#8221; content_placement=&#8221;middle&#8221; content_color=&#8221;dark&#8221; bg_overlay=&#8221;&#8221;][vc_column css_animation=&#8221;slideInLeft&#8221; width=&#8221;1\/2&#8243; background_parallax=&#8221;&#8221; bg_overlay=&#8221;&#8221;]    <div class=\"side-img side-img-5fef88a79f2a1 style-square align-right\">\n      <div style=\"background-image: url(https:\/\/luciengacond.ch\/wp-content\/uploads\/2021\/01\/about-me-header-ich-1.png);\"><\/div>\n    <\/div>\n    [\/vc_column][vc_column css_animation=&#8221;slideInRight&#8221; width=&#8221;1\/2&#8243; css=&#8221;.vc_custom_1609594551023{background-color: #161616 !important;}&#8221;]      <div class=\"heading-block heading-5fef8929f4b2b tal h-h2\">\n                  <h2 class=\"h\">Ich bin Lucien,<br \/>\n<span>ein Content Producer.<\/span><\/h2>\n              <\/div>\n    [vc_column_text]<span style=\"font-size: 18px;\"><strong>Ein Student, Free-Lancer und Camera-Operator.<\/strong><\/span><\/p>\n<p style=\"text-align: left;\">Zur Zeit ein Student an der FHGR in Chur. Studiere Multimedia Production und schliesse im Sommer 2021 ab. Schon seit \u00fcber einem Jahr sammle ich Erfahrungen im Freelance Bereich und in verschiedenen Auftr\u00e4gen mit meinen Freunden. Im Sommer 2020 hatte ich die M\u00f6glichkeit als Cam-Op und Grip an einer <a href=\"https:\/\/schuldig-webserie.ch\/\" target=\"_blank\" rel=\"noopener\">Webserie<\/a> mitzuwirken, die Fr\u00fchjar 2021 auf SRF erscheint.<\/p>\n<p><em>Entdecke mein Profil weiter unten und lade direkt mein CV herunter.<\/em>[\/vc_column_text][vc_btn title=&#8221;Download CV&#8221; style=&#8221;outline&#8221; color=&#8221;violet&#8221; link=&#8221;url:https%3A%2F%2Fdocumentcloud.adobe.com%2Flink%2Ftrack%3Furi%3Durn%3Aaaid%3Ascds%3AUS%3A1278be3c-409a-4e4c-8192-13322abe29ed|target:_blank&#8221;][\/vc_column][\/vc_row][vc_row][vc_column][vc_empty_space height=&#8221;10vh&#8221;][\/vc_column][\/vc_row][vc_row content_placement=&#8221;middle&#8221;][vc_column css_animation=&#8221;slideInUp&#8221;]      <div class=\"heading-block heading-5ff0549abdc9f tac h-h2 with-line\">\n                  <h2 class=\"h\">Meine <span>\u00dcbersicht<\/span><\/h2>\n              <\/div>\n    [vc_row_inner][vc_column_inner width=&#8221;1\/3&#8243;][vc_icon icon_fontawesome=&#8221;multimedia-icon-video-camera&#8221; color=&#8221;grey&#8221; background_style=&#8221;rounded-outline&#8221; background_color=&#8221;violet&#8221; size=&#8221;xl&#8221; align=&#8221;center&#8221;][vc_column_text]<\/p>\n<h6 style=\"text-align: center;\">Auge f\u00fcr das Bild<\/h6>\n<p style=\"text-align: center;\"><em><span style=\"font-size: 14px;\">Mir f\u00e4llt es leicht, die richtige Cadrage zu finden. Mit meiner Erfahrung, kann ich mittlerweile problemlos Shotlists erstellen. Dabei sehe ich den Film vor meinen Augen.<\/span><\/em><\/p>\n<p>[\/vc_column_text][\/vc_column_inner][vc_column_inner width=&#8221;1\/3&#8243;][vc_icon icon_fontawesome=&#8221;multimedia-icon-screen&#8221; color=&#8221;grey&#8221; background_style=&#8221;rounded-outline&#8221; background_color=&#8221;violet&#8221; size=&#8221;xl&#8221; align=&#8221;center&#8221;][vc_column_text]<\/p>\n<h6 style=\"text-align: center;\">Multimediales Wissen<\/h6>\n<p style=\"text-align: center;\"><em><span style=\"font-size: 14px;\"><span style=\"font-size: 14px;\">Ich kenne mich bestens mit technischen Details \u00fcber Kameras aus. Von der dynamischen Reichweite bis zur Farbtiefe. Auch f\u00fcr die Nachbearbeitung ist mir bewusst, welche Formate Standard\u00a0sind.<\/span><\/span><\/em><\/p>\n<p>[\/vc_column_text][\/vc_column_inner][vc_column_inner width=&#8221;1\/3&#8243;][vc_icon icon_fontawesome=&#8221;basic-ui-icon-rocket-launch&#8221; color=&#8221;grey&#8221; background_style=&#8221;rounded-outline&#8221; background_color=&#8221;violet&#8221; size=&#8221;xl&#8221; align=&#8221;center&#8221;][vc_column_text]<\/p>\n<h6 style=\"text-align: center;\">Effizienz<\/h6>\n<p style=\"text-align: center;\"><em><span style=\"font-size: 14px;\"><span style=\"font-size: 14px;\">Ich erledige Auftr\u00e4ge effizient und korrekt. Dar\u00fcber hinaus kann ich unter Zeitdruck, schnell und sicher handeln.<\/span><\/span><\/em><\/p>\n<p>[\/vc_column_text][\/vc_column_inner][\/vc_row_inner][vc_row_inner][vc_column_inner width=&#8221;1\/3&#8243;][vc_icon icon_fontawesome=&#8221;basic-ui-icon-cut&#8221; color=&#8221;grey&#8221; background_style=&#8221;rounded-outline&#8221; background_color=&#8221;violet&#8221; size=&#8221;xl&#8221; align=&#8221;center&#8221;][vc_column_text]<\/p>\n<h6 style=\"text-align: center;\">Postproduction<\/h6>\n<p style=\"text-align: center;\"><em><span style=\"font-size: 14px;\">Die Nachbearbeitung ist fast so wichtig wie der Dreh. Ich bin zwar kein absoluter Profi, aber ich kenne mich ziemlich gut in den Programmen, wie Premiere und After Effects aus.<\/span><\/em><\/p>\n<p>[\/vc_column_text][\/vc_column_inner][vc_column_inner width=&#8221;1\/3&#8243;][vc_icon icon_fontawesome=&#8221;basic-ui-icon-settings&#8221; color=&#8221;grey&#8221; background_style=&#8221;rounded-outline&#8221; background_color=&#8221;violet&#8221; size=&#8221;xl&#8221; align=&#8221;center&#8221;][vc_column_text]<\/p>\n<h6 style=\"text-align: center;\">Color Grading<\/h6>\n<p style=\"text-align: center;\"><em><span style=\"font-size: 14px;\"><span style=\"font-size: 14px;\">Mittlerweile bin ich in den meisten Projekten f\u00fcr das Color Grading verantwortlich. Hierf\u00fcr habe ich f\u00fcr mich einen spezifischen Workflow in DaVinci Resolve entwickelt.<\/span><\/span><\/em><\/p>\n<p>[\/vc_column_text][\/vc_column_inner][vc_column_inner width=&#8221;1\/3&#8243;][vc_icon icon_fontawesome=&#8221;basic-ui-icon-profile&#8221; color=&#8221;grey&#8221; background_style=&#8221;rounded-outline&#8221; background_color=&#8221;violet&#8221; size=&#8221;xl&#8221; align=&#8221;center&#8221;][vc_column_text]<\/p>\n<h6 style=\"text-align: center;\">Zielgruppe<\/h6>\n<p style=\"text-align: center;\"><em><span style=\"font-size: 14px;\"><span style=\"font-size: 14px;\">W\u00e4hrend meiner Zeit im Studium und in den verschiedenen Auftr\u00e4gen kristallisiert sich eine gewisse Zielgruppe f\u00fcr die verschiedenen Formate heraus.<\/span><\/span><\/em><\/p>\n<p>[\/vc_column_text][\/vc_column_inner][\/vc_row_inner][\/vc_column][\/vc_row][vc_row][vc_column][vc_empty_space height=&#8221;10vh&#8221;][\/vc_column][\/vc_row][vc_row equal_height=&#8221;yes&#8221; content_color=&#8221;dark&#8221; bg_overlay=&#8221;&#8221;][vc_column css_animation=&#8221;slideInLeft&#8221; width=&#8221;1\/2&#8243; css=&#8221;.vc_custom_1609594675683{background-color: #161616 !important;}&#8221;]      <div class=\"heading-block heading- tal h-h2\">\n                  <h2 class=\"h\">Meine <span>Leidenschaft<\/span><\/h2>\n              <\/div>\n    [vc_column_text]<span style=\"font-size: 18px;\"><b>Kreativit\u00e4t und\u00a0Imagination<\/b><\/span><\/p>\n<p>W\u00e4hrend meiner Studienzeit hatte ich die M\u00f6glichkeit, in verschiedenen Bereichen der Videoproduktion Einblicke zu erhalten. Mein Spektrum ist breit. Einerseits produzierte ich kurze Event-Videos und Imageclips f\u00fcr unterschiedliche Brands. Andererseits habe ich auch meine Erfahrungen auf grossen Filmsets gemacht.<\/p>\n<p>In jedem Projekt bringe ich den Wunsch und Enthusiasmus mit spannende Inhalte zu kreieren.<\/p>\n<p>Entdecke meine Inhalte im Portfolio.[\/vc_column_text][vc_btn title=&#8221;Portfolio&#8221; style=&#8221;outline&#8221; color=&#8221;violet&#8221; size=&#8221;sm&#8221; link=&#8221;url:https%3A%2F%2Fluciengacond.ch%2F%3Fpage_id%3D1294|title:Portfolio&#8221;][\/vc_column][vc_column css_animation=&#8221;slideInRight&#8221; width=&#8221;1\/2&#8243; background_parallax=&#8221;&#8221; bg_overlay=&#8221;&#8221;]    <div class=\"side-img side-img-69e37834b9795 style-square align-left\">\n      <div style=\"background-image: url(https:\/\/luciengacond.ch\/wp-content\/uploads\/2021\/01\/about-me-header-ich-2.png);\"><\/div>\n    <\/div>\n    [\/vc_column][\/vc_row][vc_row][vc_column][vc_empty_space height=&#8221;10vh&#8221;][\/vc_column][\/vc_row]<\/p>\n","protected":false},"excerpt":{"rendered":"<p>[vc_row equal_height=&#8221;yes&#8221; content_placement=&#8221;middle&#8221; content_color=&#8221;dark&#8221; bg_overlay=&#8221;&#8221;][vc_column css_animation=&#8221;slideInLeft&#8221; width=&#8221;1\/2&#8243; background_parallax=&#8221;&#8221; bg_overlay=&#8221;&#8221;][\/vc_column][vc_column css_animation=&#8221;slideInRight&#8221; width=&#8221;1\/2&#8243; css=&#8221;.vc_custom_1609594551023{background-color: #161616 !important;}&#8221;][vc_column_text]Ein Student, Free-Lancer und Camera-Operator. Zur Zeit ein Student an der FHGR in Chur. Studiere Multimedia Production und schliesse im Sommer 2021 ab. Schon seit \u00fcber einem Jahr sammle ich Erfahrungen im Freelance Bereich und in verschiedenen Auftr\u00e4gen mit meinen Freunden. Im [&hellip;]<\/p>\n","protected":false},"author":1,"featured_media":0,"parent":0,"menu_order":0,"comment_status":"closed","ping_status":"closed","template":"","meta":[],"acf":[],"_links":{"self":[{"href":"https:\/\/luciengacond.ch\/index.php?rest_route=\/wp\/v2\/pages\/33"}],"collection":[{"href":"https:\/\/luciengacond.ch\/index.php?rest_route=\/wp\/v2\/pages"}],"about":[{"href":"https:\/\/luciengacond.ch\/index.php?rest_route=\/wp\/v2\/types\/page"}],"author":[{"embeddable":true,"href":"https:\/\/luciengacond.ch\/index.php?rest_route=\/wp\/v2\/users\/1"}],"replies":[{"embeddable":true,"href":"https:\/\/luciengacond.ch\/index.php?rest_route=%2Fwp%2Fv2%2Fcomments&post=33"}],"version-history":[{"count":26,"href":"https:\/\/luciengacond.ch\/index.php?rest_route=\/wp\/v2\/pages\/33\/revisions"}],"predecessor-version":[{"id":1394,"href":"https:\/\/luciengacond.ch\/index.php?rest_route=\/wp\/v2\/pages\/33\/revisions\/1394"}],"wp:attachment":[{"href":"https:\/\/luciengacond.ch\/index.php?rest_route=%2Fwp%2Fv2%2Fmedia&parent=33"}],"curies":[{"name":"wp","href":"https:\/\/api.w.org\/{rel}","templated":true}]}}